{"id":130,"date":"2020-12-15T20:08:26","date_gmt":"2020-12-15T20:08:26","guid":{"rendered":"https:\/\/cmolteni.eu\/?page_id=130"},"modified":"2020-12-15T20:31:58","modified_gmt":"2020-12-15T20:31:58","slug":"la-proposta","status":"publish","type":"page","link":"https:\/\/cmolteni.eu\/?page_id=130","title":{"rendered":"La proposta"},"content":{"rendered":"\n<p>A volte l\u2019agilit\u00e0 delle relazioni professionali \u00e8 la chiave di una efficace collaborazione.<\/p>\n\n\n\n<p>Ecco perch\u00e9 il tipo di rapporto che instauro con ogni Assistito \u00e8 diretto anche quando si affianca un collaboratore, con tempi di risposta rapidi e mirati a seconda delle esigenze: dal parere scritto alla consulenza telefonica, dalla mail alla video conferenza, ogni modalit\u00e0 di comunicazione pu\u00f2 portare vantaggi.<\/p>\n\n\n\n<p>Le aree di competenza, in ragione della lunga collaborazione (oltre dieci anni) trascorsi a fianco di \u2018maestri\u2019, docenti universitari di diritto commerciale, fallimentare e bancario, possono cos\u00ec indicarsi in via elettiva:<\/p>\n\n\n\n<ul class=\"wp-block-list\"><li>procedure concorsuali -con particolare riferimento a fallimenti e concordati e quale legale delle medesime-<\/li><li>gestione dei contenziosi in generale ed in relazione a procedure concorsuali<\/li><li>gestione giuridico-economica dell\u2019impresa in crisi<\/li><li>contrattualistica corrente di societ\u00e0 e banche (condizioni di contratto, IP, distribuzione, ricerca e sviluppo, ecc.)<\/li><li>consulenza alle imprese<\/li><li>contrattualistica internazionale d&#8217;impresa<\/li><\/ul>\n\n\n\n<p>Queste vicende richiedono spesso d\u2019essere seguite di concerto con consulenti commercialisti, notai, ingegneri e tecnici, a seconda della specificit\u00e0 del caso; una ormai consolidata rete di professionisti mi consente di offrire possibilit\u00e0 di scelta dei pi\u00f9 idonei fiduciari laddove gli Assistiti non ne abbiano di propri.<\/p>\n\n\n\n<p>Accanto alle attivit\u00e0 ora viste, di impronta stragiudiziale, si offre una ventennale esperienza in ambito contenzioso e giudiziale, marcatamente civile, senza trascurare i procedimenti in materia di successioni e di rapporti familiari in senso ampio: sono problematiche che toccano ciascuno di noi e che non possono essere trascurate in un&#8217;offerta professionale. <\/p>\n\n\n\n<p>L\u2019attuale struttura integrata in cui opero include, inoltre, professionisti dalle specifiche competenze in altri rami del diritto quali il diritto penale, i rapporti di famiglia coinvolgenti minori, le esecuzioni immobiliari e il diritto bancario, consentendo cos\u00ec alle parti assistite di affrontare qualsivoglia problematica con modalit\u00e0 integrate e sinergiche.<\/p>\n\n\n\n<p>Come la legge prevede, ogni attivit\u00e0 professionale \u00e8 quotabile in via preventiva secondo i parametri tariffari di cui al Decreto Ministeriale 10 marzo 2014 n. 55 e succ.mod.<\/p>\n\n\n\n<p class=\"has-background-color has-text-color\"><a href=\"https:\/\/www.altalex.com\/documents\/news\/2014\/04\/10\/parametri-forensi-la-nuove-tabelle\">https:\/\/www.altalex.com\/documents\/news\/2014\/04\/10\/parametri-forensi-la-nuove-tabelle<\/a><\/p>\n","protected":false},"excerpt":{"rendered":"<p>A volte l\u2019agilit\u00e0 delle relazioni professionali \u00e8 la chiave di una efficace collaborazione. Ecco perch\u00e9 il tipo di rapporto che instauro con ogni Assistito \u00e8 diretto anche quando si affianca un collaboratore, con tempi di risposta rapidi e mirati a seconda delle esigenze: dal parere scritto alla consulenza telefonica, dalla mail alla video conferenza, ogni [&hellip;]<\/p>\n","protected":false},"author":1,"featured_media":0,"parent":0,"menu_order":0,"comment_status":"closed","ping_status":"closed","template":"","meta":{"footnotes":""},"class_list":["post-130","page","type-page","status-publish","hentry"],"_links":{"self":[{"href":"https:\/\/cmolteni.eu\/index.php?rest_route=\/wp\/v2\/pages\/130","targetHints":{"allow":["GET"]}}],"collection":[{"href":"https:\/\/cmolteni.eu\/index.php?rest_route=\/wp\/v2\/pages"}],"about":[{"href":"https:\/\/cmolteni.eu\/index.php?rest_route=\/wp\/v2\/types\/page"}],"author":[{"embeddable":true,"href":"https:\/\/cmolteni.eu\/index.php?rest_route=\/wp\/v2\/users\/1"}],"replies":[{"embeddable":true,"href":"https:\/\/cmolteni.eu\/index.php?rest_route=%2Fwp%2Fv2%2Fcomments&post=130"}],"version-history":[{"count":5,"href":"https:\/\/cmolteni.eu\/index.php?rest_route=\/wp\/v2\/pages\/130\/revisions"}],"predecessor-version":[{"id":142,"href":"https:\/\/cmolteni.eu\/index.php?rest_route=\/wp\/v2\/pages\/130\/revisions\/142"}],"wp:attachment":[{"href":"https:\/\/cmolteni.eu\/index.php?rest_route=%2Fwp%2Fv2%2Fmedia&parent=130"}],"curies":[{"name":"wp","href":"https:\/\/api.w.org\/{rel}","templated":true}]}}