{"id":60,"date":"2020-12-04T10:05:08","date_gmt":"2020-12-04T10:05:08","guid":{"rendered":"https:\/\/cmolteni.eu\/?page_id=60"},"modified":"2021-01-14T10:06:31","modified_gmt":"2021-01-14T10:06:31","slug":"il-diritto-e-letica","status":"publish","type":"page","link":"https:\/\/cmolteni.eu\/","title":{"rendered":"Il Diritto e l&#8217;Etica"},"content":{"rendered":"\n<p class=\"has-large-font-size\"><strong>La tutela dei diritti ricercando una dimensione etica e di giustizia<\/strong>.<\/p>\n\n\n\n<p><\/p>\n\n\n\n<p>La mia esperienza di avvocato e le caratteristiche della mia  professionalit\u00e0 sono descritte nel Curriculum, in altra parte del sito. <\/p>\n\n\n\n<p>In questo spazio di apertura vorrei invece soffermarmi sulla necessit\u00e0, sempre pi\u00f9 sentita, che l&#8217;attivit\u00e0 degli avvocati -quando prestano la loro opera in ausilio degli assistiti per la miglior tutela dei diritti cos\u00ec come  quando organizzano la loro propria struttura lavorativa di impresa (micro, piccola o media)- sia comunque improntata a principi di &#8216;Etica Umana&#8217;. Con questa locuzione intendo riferirmi non a concetti contigui, quali la morale o la deontologia, bens\u00ec ad uno dei massimi <strong>valori dell\u2019etica: <\/strong>la <em>correttezza<\/em>, intesa come rispetto degli altri, siano essi le parti assistite, i collaboratori ed il personale, le controparti, i colleghi ed i giudicanti.<\/p>\n\n\n\n<p>Si tratta di un rispetto che si deve dare e pretendere nell&#8217;azione quotidiana e che, se esteso, costituisce limite reciproco e diritto di tutti. Applicato all&#8217;agire dell&#8217;avvocato  questo rispetto pu\u00f2 portarci, esemplificando, a rivalutare la nostra funzione di consiglio e guida degli assistiti nella scelta degli strumenti processuali e dei comportamenti da tenere per la salvaguardia dei loro diritti: non pi\u00f9 avvocati come meri esecutori dei <em>desiderata<\/em> delle parti, ma depositari del corretto agire per la pi\u00f9 ferma ed efficace azione giuridica.<\/p>\n\n\n\n<p>Se il nostro <em>habitat<\/em> sar\u00e0 improntato a maggior rispetto dell&#8217;Altro, tutti noi finiremo per beneficiarne: l\u00e0 dove tutti agiscono con il fine di ottenere un migliore risultato in un&#8217;ottica di &#8216;gruppo&#8217; sociale, ottengono un migliore risultato anche per se stessi.<\/p>\n\n\n\n<p>E la nostra categoria professionale non potr\u00e0 che ritrovare il ruolo centrale che le spetta; anzi, avr\u00e0 titolo per pretenderlo. <\/p>\n\n\n\n<p>Questa la mia aspirazione.<\/p>\n","protected":false},"excerpt":{"rendered":"<p>La tutela dei diritti ricercando una dimensione etica e di giustizia. La mia esperienza di avvocato e le caratteristiche della mia professionalit\u00e0 sono descritte nel Curriculum, in altra parte del sito. In questo spazio di apertura vorrei invece soffermarmi sulla necessit\u00e0, sempre pi\u00f9 sentita, che l&#8217;attivit\u00e0 degli avvocati -quando prestano la loro opera in ausilio [&hellip;]<\/p>\n","protected":false},"author":1,"featured_media":0,"parent":0,"menu_order":0,"comment_status":"closed","ping_status":"closed","template":"","meta":{"footnotes":""},"class_list":["post-60","page","type-page","status-publish","hentry"],"_links":{"self":[{"href":"https:\/\/cmolteni.eu\/index.php?rest_route=\/wp\/v2\/pages\/60","targetHints":{"allow":["GET"]}}],"collection":[{"href":"https:\/\/cmolteni.eu\/index.php?rest_route=\/wp\/v2\/pages"}],"about":[{"href":"https:\/\/cmolteni.eu\/index.php?rest_route=\/wp\/v2\/types\/page"}],"author":[{"embeddable":true,"href":"https:\/\/cmolteni.eu\/index.php?rest_route=\/wp\/v2\/users\/1"}],"replies":[{"embeddable":true,"href":"https:\/\/cmolteni.eu\/index.php?rest_route=%2Fwp%2Fv2%2Fcomments&post=60"}],"version-history":[{"count":7,"href":"https:\/\/cmolteni.eu\/index.php?rest_route=\/wp\/v2\/pages\/60\/revisions"}],"predecessor-version":[{"id":157,"href":"https:\/\/cmolteni.eu\/index.php?rest_route=\/wp\/v2\/pages\/60\/revisions\/157"}],"wp:attachment":[{"href":"https:\/\/cmolteni.eu\/index.php?rest_route=%2Fwp%2Fv2%2Fmedia&parent=60"}],"curies":[{"name":"wp","href":"https:\/\/api.w.org\/{rel}","templated":true}]}}